{"id":888,"date":"2024-12-23T16:18:14","date_gmt":"2024-12-23T15:18:14","guid":{"rendered":"https:\/\/firm-arch.com\/?page_id=888"},"modified":"2024-12-23T16:31:43","modified_gmt":"2024-12-23T15:31:43","slug":"declaracio-daccessibilitat","status":"publish","type":"page","link":"https:\/\/firm-arch.com\/ca\/declaracio-daccessibilitat\/","title":{"rendered":"Declaraci\u00f3 d\u2019accessibilitat"},"content":{"rendered":"<div class=\"fusion-fullwidth fullwidth-box fusion-builder-row-1 fusion-flex-container has-pattern-background has-mask-background nonhundred-percent-fullwidth non-hundred-percent-height-scrolling\" style=\"--awb-border-radius-top-left:0px;--awb-border-radius-top-right:0px;--awb-border-radius-bottom-right:0px;--awb-border-radius-bottom-left:0px;--awb-flex-wrap:wrap;\" ><div class=\"fusion-builder-row fusion-row fusion-flex-align-items-flex-start fusion-flex-content-wrap\" style=\"max-width:1248px;margin-left: calc(-4% \/ 2 );margin-right: calc(-4% \/ 2 );\"><div class=\"fusion-layout-column fusion_builder_column fusion-builder-column-0 fusion_builder_column_1_1 1_1 fusion-flex-column\" style=\"--awb-bg-size:cover;--awb-width-large:100%;--awb-margin-top-large:0px;--awb-spacing-right-large:1.92%;--awb-margin-bottom-large:20px;--awb-spacing-left-large:1.92%;--awb-width-medium:100%;--awb-order-medium:0;--awb-spacing-right-medium:1.92%;--awb-spacing-left-medium:1.92%;--awb-width-small:100%;--awb-order-small:0;--awb-spacing-right-small:1.92%;--awb-spacing-left-small:1.92%;\"><div class=\"fusion-column-wrapper fusion-column-has-shadow fusion-flex-justify-content-flex-start fusion-content-layout-column\"><div class=\"fusion-title title fusion-title-1 fusion-sep-none fusion-title-center fusion-title-text fusion-title-size-one\" style=\"--awb-margin-bottom:30px;--awb-font-size:30px;\"><h1 class=\"fusion-title-heading title-heading-center\" style=\"font-family:&quot;Roboto&quot;;font-style:normal;font-weight:700;margin:0;font-size:1em;\">Declaraci\u00f3 d\u2019accessibilitat<\/h1><\/div><div class=\"fusion-text fusion-text-1\"><h4>Accessibilitat<\/h4>\n<p>Aquesta declaraci\u00f3 d\u2019accessibilitat s\u2019aplica al lloc web firm-arch.com<\/p>\n<h4>Situaci\u00f3 de compliment<\/h4>\n<p>Aquest lloc web \u00e9s conforme amb el <a href=\"https:\/\/www.boe.es\/diario_boe\/txt.php?id=BOE-A-2018-12699\" target=\"_blank\" rel=\"noopener\">RD 1112\/2018.<\/a><\/p>\n<p>Aquesta declaraci\u00f3 va ser preparada el 13 de febrer de 2023.<\/p>\n<p>El m\u00e8tode emprat per preparar la declaraci\u00f3 ha estat una autoavaluaci\u00f3 duta a terme pel mateix organisme.<\/p>\n<p>C\u00e0rrega desproporcionada<\/p>\n<p>No s\u2019aplica.<\/p>\n<p>El contingut no entra dins de l\u2019\u00e0mbit de la legislaci\u00f3 aplicable<\/p>\n<p>Podrien existir fitxers ofim\u00e0tics en PDF o altres formats publicats abans del 20 de setembre de 2018 que no compleixin \u00edntegrament tots els requisits d\u2019accessibilitat. Tot i que s\u2019ha procurat que la majoria s\u00ed que ho compleixin.<\/p>\n<p>Observacions i dades de contacte<\/p>\n<p>Podeu realitzar comunicacions sobre requisits d\u2019accessibilitat (article 10.2.a del RD 1112\/2018) com ara:<\/p>\n<ul>\n<li>Informar sobre qualsevol possible incompliment per part d\u2019aquest lloc web<\/li>\n<li>Transmetre altres dificultats d\u2019acc\u00e9s al contingut<\/li>\n<li>Formular qualsevol altra consulta o suggeriment de millora relativa a l\u2019accessibilitat del lloc web a trav\u00e9s del Contacte d\u2019aquest lloc web.<\/li>\n<\/ul>\n<p>Podeu presentar:<\/p>\n<ul>\n<li>Queixa relativa al compliment dels requisits del RD 1112\/2018 o<\/li>\n<li>Sol\u00b7licitud d\u2019informaci\u00f3 accessible relativa a:\n<ul>\n<li>Continguts que estan exclosos de l\u00e0mbit daplicaci\u00f3 del RD 1112\/2018 segons el que estableix larticle 3, apartat 4<\/li>\n<li>Continguts que estan exempts del compliment dels requisits d\u2019accessibilitat per imposar una c\u00e0rrega desproporcionada<\/li>\n<\/ul>\n<\/li>\n<\/ul>\n<p>A la Sol\u00b7licitud d\u2019informaci\u00f3 accessible, cal concretar, amb tota claredat, els fets, les raons i la petici\u00f3 que permetin constatar que es tracta d\u2019una sol\u00b7licitud raonable i leg\u00edtima.<\/p>\n<p>Les queixes i les reclamacions sobre informaci\u00f3 accessible es realitzaran a trav\u00e9s de Contacte d\u2019aquest lloc web, i seran rebudes i tractades per la gent Firm Arch.<\/p>\n<\/div><\/div><\/div><\/div><\/div>\n","protected":false},"excerpt":{"rendered":"","protected":false},"author":3,"featured_media":0,"parent":0,"menu_order":0,"comment_status":"closed","ping_status":"closed","template":"100-width.php","meta":{"_acf_changed":false,"footnotes":""},"class_list":["post-888","page","type-page","status-publish","hentry"],"acf":[],"yoast_head":"<!-- This site is optimized with the Yoast SEO plugin v26.1 - https:\/\/yoast.com\/wordpress\/plugins\/seo\/ -->\n<title>Declaraci\u00f3 d\u2019accessibilitat - Firm Arch - Arquitectura<\/title>\n<meta name=\"robots\" content=\"index, follow, max-snippet:-1, max-image-preview:large, max-video-preview:-1\" \/>\n<link rel=\"canonical\" href=\"https:\/\/firm-arch.com\/ca\/declaracio-daccessibilitat\/\" \/>\n<meta property=\"og:locale\" content=\"ca_ES\" \/>\n<meta property=\"og:type\" content=\"article\" \/>\n<meta property=\"og:title\" content=\"Declaraci\u00f3 d\u2019accessibilitat - Firm Arch - Arquitectura\" \/>\n<meta property=\"og:url\" content=\"https:\/\/firm-arch.com\/ca\/declaracio-daccessibilitat\/\" \/>\n<meta property=\"og:site_name\" content=\"Firm Arch - Arquitectura\" \/>\n<meta property=\"article:modified_time\" content=\"2024-12-23T15:31:43+00:00\" \/>\n<meta name=\"twitter:card\" content=\"summary_large_image\" \/>\n<meta name=\"twitter:label1\" content=\"Temps estimat de lectura\" \/>\n\t<meta name=\"twitter:data1\" content=\"2 minuts\" \/>\n<script type=\"application\/ld+json\" class=\"yoast-schema-graph\">{\"@context\":\"https:\/\/schema.org\",\"@graph\":[{\"@type\":\"WebPage\",\"@id\":\"https:\/\/firm-arch.com\/ca\/declaracio-daccessibilitat\/\",\"url\":\"https:\/\/firm-arch.com\/ca\/declaracio-daccessibilitat\/\",\"name\":\"Declaraci\u00f3 d\u2019accessibilitat - Firm Arch - Arquitectura\",\"isPartOf\":{\"@id\":\"https:\/\/firm-arch.com\/#website\"},\"datePublished\":\"2024-12-23T15:18:14+00:00\",\"dateModified\":\"2024-12-23T15:31:43+00:00\",\"breadcrumb\":{\"@id\":\"https:\/\/firm-arch.com\/ca\/declaracio-daccessibilitat\/#breadcrumb\"},\"inLanguage\":\"ca\",\"potentialAction\":[{\"@type\":\"ReadAction\",\"target\":[\"https:\/\/firm-arch.com\/ca\/declaracio-daccessibilitat\/\"]}]},{\"@type\":\"BreadcrumbList\",\"@id\":\"https:\/\/firm-arch.com\/ca\/declaracio-daccessibilitat\/#breadcrumb\",\"itemListElement\":[{\"@type\":\"ListItem\",\"position\":1,\"name\":\"Portada\",\"item\":\"https:\/\/firm-arch.com\/\"},{\"@type\":\"ListItem\",\"position\":2,\"name\":\"Declaraci\u00f3 d\u2019accessibilitat\"}]},{\"@type\":\"WebSite\",\"@id\":\"https:\/\/firm-arch.com\/#website\",\"url\":\"https:\/\/firm-arch.com\/\",\"name\":\"Firm Arch - Arquitectura\",\"description\":\"\",\"potentialAction\":[{\"@type\":\"SearchAction\",\"target\":{\"@type\":\"EntryPoint\",\"urlTemplate\":\"https:\/\/firm-arch.com\/?s={search_term_string}\"},\"query-input\":{\"@type\":\"PropertyValueSpecification\",\"valueRequired\":true,\"valueName\":\"search_term_string\"}}],\"inLanguage\":\"ca\"}]}<\/script>\n<!-- \/ Yoast SEO plugin. -->","yoast_head_json":{"title":"Declaraci\u00f3 d\u2019accessibilitat - Firm Arch - Arquitectura","robots":{"index":"index","follow":"follow","max-snippet":"max-snippet:-1","max-image-preview":"max-image-preview:large","max-video-preview":"max-video-preview:-1"},"canonical":"https:\/\/firm-arch.com\/ca\/declaracio-daccessibilitat\/","og_locale":"ca_ES","og_type":"article","og_title":"Declaraci\u00f3 d\u2019accessibilitat - Firm Arch - Arquitectura","og_url":"https:\/\/firm-arch.com\/ca\/declaracio-daccessibilitat\/","og_site_name":"Firm Arch - Arquitectura","article_modified_time":"2024-12-23T15:31:43+00:00","twitter_card":"summary_large_image","twitter_misc":{"Temps estimat de lectura":"2 minuts"},"schema":{"@context":"https:\/\/schema.org","@graph":[{"@type":"WebPage","@id":"https:\/\/firm-arch.com\/ca\/declaracio-daccessibilitat\/","url":"https:\/\/firm-arch.com\/ca\/declaracio-daccessibilitat\/","name":"Declaraci\u00f3 d\u2019accessibilitat - Firm Arch - Arquitectura","isPartOf":{"@id":"https:\/\/firm-arch.com\/#website"},"datePublished":"2024-12-23T15:18:14+00:00","dateModified":"2024-12-23T15:31:43+00:00","breadcrumb":{"@id":"https:\/\/firm-arch.com\/ca\/declaracio-daccessibilitat\/#breadcrumb"},"inLanguage":"ca","potentialAction":[{"@type":"ReadAction","target":["https:\/\/firm-arch.com\/ca\/declaracio-daccessibilitat\/"]}]},{"@type":"BreadcrumbList","@id":"https:\/\/firm-arch.com\/ca\/declaracio-daccessibilitat\/#breadcrumb","itemListElement":[{"@type":"ListItem","position":1,"name":"Portada","item":"https:\/\/firm-arch.com\/"},{"@type":"ListItem","position":2,"name":"Declaraci\u00f3 d\u2019accessibilitat"}]},{"@type":"WebSite","@id":"https:\/\/firm-arch.com\/#website","url":"https:\/\/firm-arch.com\/","name":"Firm Arch - Arquitectura","description":"","potentialAction":[{"@type":"SearchAction","target":{"@type":"EntryPoint","urlTemplate":"https:\/\/firm-arch.com\/?s={search_term_string}"},"query-input":{"@type":"PropertyValueSpecification","valueRequired":true,"valueName":"search_term_string"}}],"inLanguage":"ca"}]}},"_links":{"self":[{"href":"https:\/\/firm-arch.com\/ca\/wp-json\/wp\/v2\/pages\/888","targetHints":{"allow":["GET"]}}],"collection":[{"href":"https:\/\/firm-arch.com\/ca\/wp-json\/wp\/v2\/pages"}],"about":[{"href":"https:\/\/firm-arch.com\/ca\/wp-json\/wp\/v2\/types\/page"}],"author":[{"embeddable":true,"href":"https:\/\/firm-arch.com\/ca\/wp-json\/wp\/v2\/users\/3"}],"replies":[{"embeddable":true,"href":"https:\/\/firm-arch.com\/ca\/wp-json\/wp\/v2\/comments?post=888"}],"version-history":[{"count":3,"href":"https:\/\/firm-arch.com\/ca\/wp-json\/wp\/v2\/pages\/888\/revisions"}],"predecessor-version":[{"id":891,"href":"https:\/\/firm-arch.com\/ca\/wp-json\/wp\/v2\/pages\/888\/revisions\/891"}],"wp:attachment":[{"href":"https:\/\/firm-arch.com\/ca\/wp-json\/wp\/v2\/media?parent=888"}],"curies":[{"name":"wp","href":"https:\/\/api.w.org\/{rel}","templated":true}]}}